{"id":9856,"date":"2026-04-10T11:00:21","date_gmt":"2026-04-10T08:00:21","guid":{"rendered":"https:\/\/bonus.mobilbahis1257.com\/tr\/?page_id=9856"},"modified":"2026-04-09T16:28:47","modified_gmt":"2026-04-09T13:28:47","slug":"surpriz-katlayicilar-seni-bekliyor","status":"publish","type":"page","link":"https:\/\/bonus.mobilbahis1257.com\/tr\/surpriz-katlayicilar-seni-bekliyor\/","title":{"rendered":"S\u00dcRPR\u0130Z KATLAYICILAR SEN\u0130 BEKL\u0130YOR"},"content":{"rendered":"<p><span style=\"font-weight: 400;\">Gates of Olympus Roulette\u2019te s\u00fcrpriz katlay\u0131c\u0131larla tam 15.000.000 \u00f6d\u00fcl havuzlu kampanya seni bekliyor!<\/span><\/p>\n<h2><span style=\"font-weight: 400;\">S\u00fcrpriz \u00d6d\u00fclleri Tetikle<\/span><\/h2>\n<ul>\n<li style=\"font-weight: 400;\" aria-level=\"1\"><span style=\"font-weight: 400;\">Gates of Olympus Roulette\u2019te ger\u00e7ek parayla 10 TL ve \u00fczeri bahisler yap.<\/span><\/li>\n<li style=\"font-weight: 400;\" aria-level=\"1\"><span style=\"font-weight: 400;\">Her an d\u00fc\u015fen \u00f6d\u00fcllerden elde etme \u015fans\u0131n\u0131 yakala.<\/span><\/li>\n<li style=\"font-weight: 400;\" aria-level=\"1\"><span style=\"font-weight: 400;\">20.000x\u2019e varan katlay\u0131c\u0131larla Olimpos\u2019un kral\u0131 ol!<\/span><\/li>\n<\/ul>\n<p><span style=\"font-weight: 400;\">Bol \u015fans!<\/span><\/p>\n","protected":false},"excerpt":{"rendered":"<p>Gates of Olympus Roulette\u2019te s\u00fcrpriz katlay\u0131c\u0131larla tam 15.000.000 \u00f6d\u00fcl havuzlu kampanya seni bekliyor! S\u00fcrpriz \u00d6d\u00fclleri Tetikle Gates of Olympus Roulette\u2019te ger\u00e7ek parayla 10<\/p>\n","protected":false},"author":95,"featured_media":9857,"parent":0,"menu_order":0,"comment_status":"closed","ping_status":"closed","template":"","meta":{"_links_to":"","_links_to_target":""},"categories":[3],"tags":[582],"_links":{"self":[{"href":"https:\/\/bonus.mobilbahis1257.com\/tr\/wp-json\/wp\/v2\/pages\/9856"}],"collection":[{"href":"https:\/\/bonus.mobilbahis1257.com\/tr\/wp-json\/wp\/v2\/pages"}],"about":[{"href":"https:\/\/bonus.mobilbahis1257.com\/tr\/wp-json\/wp\/v2\/types\/page"}],"author":[{"embeddable":true,"href":"https:\/\/bonus.mobilbahis1257.com\/tr\/wp-json\/wp\/v2\/users\/95"}],"replies":[{"embeddable":true,"href":"https:\/\/bonus.mobilbahis1257.com\/tr\/wp-json\/wp\/v2\/comments?post=9856"}],"version-history":[{"count":0,"href":"https:\/\/bonus.mobilbahis1257.com\/tr\/wp-json\/wp\/v2\/pages\/9856\/revisions"}],"wp:featuredmedia":[{"embeddable":true,"href":"https:\/\/bonus.mobilbahis1257.com\/tr\/wp-json\/wp\/v2\/media\/9857"}],"wp:attachment":[{"href":"https:\/\/bonus.mobilbahis1257.com\/tr\/wp-json\/wp\/v2\/media?parent=9856"}],"wp:term":[{"taxonomy":"category","embeddable":true,"href":"https:\/\/bonus.mobilbahis1257.com\/tr\/wp-json\/wp\/v2\/categories?post=9856"},{"taxonomy":"post_tag","embeddable":true,"href":"https:\/\/bonus.mobilbahis1257.com\/tr\/wp-json\/wp\/v2\/tags?post=9856"}],"curies":[{"name":"wp","href":"https:\/\/api.w.org\/{rel}","templated":true}]}}